{"id":356,"date":"2015-04-23T12:57:21","date_gmt":"2015-04-23T12:57:21","guid":{"rendered":"http:\/\/demo1.wprentals.org\/?page_id=356"},"modified":"2015-04-23T12:57:21","modified_gmt":"2015-04-23T12:57:21","slug":"terms-and-conditions","status":"publish","type":"page","link":"https:\/\/better-vacation.net\/es\/terms-and-conditions\/","title":{"rendered":"Condiciones generales"},"content":{"rendered":"<p>La presente Pol\u00edtica de Privacidad regula la forma en que Real Estate WordPress Theme recopila, utiliza, mantiene y divulga la informaci\u00f3n recogida de los usuarios (cada uno, un \"Usuario\") del sitio web http:\/\/wprentals.org\/ (\"Sitio\"). Esta pol\u00edtica de privacidad se aplica al Sitio y a todos los productos y servicios ofrecidos por Real Estate WordPress Theme.<\/p>\n<p><b>Datos de identificaci\u00f3n personal<\/b><\/p>\n<p>Podemos recopilar informaci\u00f3n de identificaci\u00f3n personal de los usuarios de diversas formas en relaci\u00f3n con las actividades, servicios, funciones o recursos que ponemos a su disposici\u00f3n en nuestro Sitio... Los usuarios pueden visitar nuestro sitio de forma an\u00f3nima. S\u00f3lo recabaremos datos de identificaci\u00f3n personal de los usuarios si \u00e9stos nos los facilitan voluntariamente. Los usuarios siempre pueden negarse a suministrar informaci\u00f3n de identificaci\u00f3n personal, salvo que ello les impida participar en determinadas actividades relacionadas con el Sitio.<\/p>\n<p><b>Informaci\u00f3n de identificaci\u00f3n no personal<\/b><\/p>\n<p>Podemos recopilar informaci\u00f3n de identificaci\u00f3n no personal sobre los Usuarios siempre que interact\u00faen con nuestro Sitio. La informaci\u00f3n de identificaci\u00f3n no personal puede incluir el nombre del navegador, el tipo de ordenador e informaci\u00f3n t\u00e9cnica sobre los medios de conexi\u00f3n de los Usuarios a nuestro Sitio, como el sistema operativo y los proveedores de servicios de Internet utilizados y otra informaci\u00f3n similar.<\/p>\n<p><b>Cookies del navegador web<\/b><\/p>\n<p>Nuestro Sitio puede utilizar \"cookies\" para mejorar la experiencia del Usuario. El navegador web del usuario coloca cookies en su disco duro con fines de registro y, a veces, para rastrear informaci\u00f3n sobre \u00e9l. El usuario puede optar por configurar su navegador para que rechace las cookies o para que le avise cuando se env\u00eden cookies. Si lo hace, es posible que algunas partes del Sitio no funcionen correctamente.<\/p>\n<p><b>C\u00f3mo protegemos su informaci\u00f3n<\/b><\/p>\n<p>Adoptamos pr\u00e1cticas adecuadas de recopilaci\u00f3n, almacenamiento y procesamiento de datos y medidas de seguridad para proteger contra el acceso no autorizado, la alteraci\u00f3n, divulgaci\u00f3n o destrucci\u00f3n de su informaci\u00f3n personal, nombre de usuario, contrase\u00f1a, informaci\u00f3n de transacciones y datos almacenados en nuestro Sitio.<\/p>\n<p><b>Compartir su informaci\u00f3n personal<\/b><\/p>\n<p>No vendemos, comercializamos ni alquilamos la informaci\u00f3n de identificaci\u00f3n personal de los usuarios a terceros. Podemos compartir informaci\u00f3n demogr\u00e1fica agregada gen\u00e9rica no vinculada a ninguna informaci\u00f3n de identificaci\u00f3n personal relativa a los visitantes y usuarios con nuestros socios comerciales, afiliados de confianza y anunciantes para los fines descritos anteriormente.<\/p>\n<p><b>Cambios en esta pol\u00edtica de privacidad<\/b><\/p>\n<p>Real Estate WordPress Theme tiene la facultad de actualizar esta pol\u00edtica de privacidad en cualquier momento. Cuando lo hagamos, revisaremos la fecha de actualizaci\u00f3n en la parte inferior de esta p\u00e1gina. Animamos a los usuarios a comprobar con frecuencia esta p\u00e1gina para cualquier cambio para mantenerse informado acerca de c\u00f3mo estamos ayudando a proteger la informaci\u00f3n personal que recopilamos. Usted reconoce y acepta que es su responsabilidad revisar esta pol\u00edtica de privacidad peri\u00f3dicamente y estar al tanto de las modificaciones.<\/p>\n<p><b>Su aceptaci\u00f3n de estas condiciones<\/b><\/p>\n<p>El uso de este sitio implica la aceptaci\u00f3n de esta pol\u00edtica. Si no est\u00e1 de acuerdo con esta pol\u00edtica, no utilice nuestro Sitio. Su uso continuado del Sitio tras la publicaci\u00f3n de cambios en esta pol\u00edtica se considerar\u00e1 su aceptaci\u00f3n de dichos cambios.<\/p>","protected":false},"excerpt":{"rendered":"<p>This Privacy Policy governs the manner in which Real Estate WordPress Theme collects, uses, maintains and discloses information collected from users (each, a \u201cUser\u201d) of the\u00a0http:\/\/wprentals.org\/\u00a0website (\u201cSite\u201d). This privacy policy applies to the Site and all products and services offered by Real Estate WordPress Theme. Personal identification information We may collect personal identification information from &#8230;<\/p>","protected":false},"author":1,"featured_media":0,"parent":0,"menu_order":0,"comment_status":"closed","ping_status":"closed","template":"terms_conditions.php","meta":{"inline_featured_image":false,"footnotes":""},"class_list":["post-356","page","type-page","status-publish","hentry"],"_links":{"self":[{"href":"https:\/\/better-vacation.net\/es\/wp-json\/wp\/v2\/pages\/356","targetHints":{"allow":["GET"]}}],"collection":[{"href":"https:\/\/better-vacation.net\/es\/wp-json\/wp\/v2\/pages"}],"about":[{"href":"https:\/\/better-vacation.net\/es\/wp-json\/wp\/v2\/types\/page"}],"author":[{"embeddable":true,"href":"https:\/\/better-vacation.net\/es\/wp-json\/wp\/v2\/users\/1"}],"replies":[{"embeddable":true,"href":"https:\/\/better-vacation.net\/es\/wp-json\/wp\/v2\/comments?post=356"}],"version-history":[{"count":0,"href":"https:\/\/better-vacation.net\/es\/wp-json\/wp\/v2\/pages\/356\/revisions"}],"wp:attachment":[{"href":"https:\/\/better-vacation.net\/es\/wp-json\/wp\/v2\/media?parent=356"}],"curies":[{"name":"wp","href":"https:\/\/api.w.org\/{rel}","templated":true}]}}