{"id":155,"date":"2015-04-16T13:43:06","date_gmt":"2015-04-16T13:43:06","guid":{"rendered":"http:\/\/demo1.wprentals.org\/?page_id=155"},"modified":"2015-04-16T13:43:06","modified_gmt":"2015-04-16T13:43:06","slug":"properties-list-sidebar-left","status":"publish","type":"page","link":"https:\/\/better-vacation.net\/es\/properties-list-sidebar-left\/","title":{"rendered":"Lista de propiedades - Barra lateral izquierda"},"content":{"rendered":"<p>Ya sea un apartamento por una noche, un castillo por una semana o una villa por un mes, Rentals conecta a la gente con experiencias de viaje \u00fanicas, a cualquier precio. Con un servicio de atenci\u00f3n al cliente de primera clase y una creciente comunidad de usuarios, Rentals es la forma m\u00e1s sencilla de rentabilizar el espacio que te sobra y mostrarlo a millones de personas.<\/p>","protected":false},"excerpt":{"rendered":"<p>Whether an apartment for a night, a castle for a week, or a villa for a month, Rentals\u00a0connects people to unique travel experiences, at any price point. And with world-class customer service and a growing community of users, Rentals\u00a0is the easiest way for people to monetize their extra space and showcase it to an audience &#8230;<\/p>","protected":false},"author":1,"featured_media":0,"parent":0,"menu_order":0,"comment_status":"open","ping_status":"open","template":"property_list.php","meta":{"inline_featured_image":false,"footnotes":""},"class_list":["post-155","page","type-page","status-publish","hentry"],"_links":{"self":[{"href":"https:\/\/better-vacation.net\/es\/wp-json\/wp\/v2\/pages\/155","targetHints":{"allow":["GET"]}}],"collection":[{"href":"https:\/\/better-vacation.net\/es\/wp-json\/wp\/v2\/pages"}],"about":[{"href":"https:\/\/better-vacation.net\/es\/wp-json\/wp\/v2\/types\/page"}],"author":[{"embeddable":true,"href":"https:\/\/better-vacation.net\/es\/wp-json\/wp\/v2\/users\/1"}],"replies":[{"embeddable":true,"href":"https:\/\/better-vacation.net\/es\/wp-json\/wp\/v2\/comments?post=155"}],"version-history":[{"count":0,"href":"https:\/\/better-vacation.net\/es\/wp-json\/wp\/v2\/pages\/155\/revisions"}],"wp:attachment":[{"href":"https:\/\/better-vacation.net\/es\/wp-json\/wp\/v2\/media?parent=155"}],"curies":[{"name":"wp","href":"https:\/\/api.w.org\/{rel}","templated":true}]}}