{"id":356,"date":"2015-04-23T12:57:21","date_gmt":"2015-04-23T12:57:21","guid":{"rendered":"http:\/\/demo1.wprentals.org\/?page_id=356"},"modified":"2015-04-23T12:57:21","modified_gmt":"2015-04-23T12:57:21","slug":"terms-and-conditions","status":"publish","type":"page","link":"https:\/\/better-vacation.net\/de\/terms-and-conditions\/","title":{"rendered":"Bedingungen und Konditionen"},"content":{"rendered":"<p>Diese Datenschutzrichtlinie regelt die Art und Weise, in der Real Estate WordPress Theme die von den Nutzern (jeweils ein \"Nutzer\") der Website http:\/\/wprentals.org\/ (\"Site\") gesammelten Informationen sammelt, verwendet, pflegt und offenlegt. Diese Datenschutzrichtlinie gilt f\u00fcr die Website und alle Produkte und Dienstleistungen von Real Estate WordPress Theme angeboten.<\/p>\n<p><b>Informationen zur pers\u00f6nlichen Identifizierung<\/b><\/p>\n<p>Wir k\u00f6nnen pers\u00f6nliche Identifikationsdaten von Nutzern auf verschiedene Weise in Verbindung mit Aktivit\u00e4ten, Diensten, Funktionen oder Ressourcen, die wir auf unserer Website zur Verf\u00fcgung stellen, sammeln. Benutzer k\u00f6nnen unsere Website anonym besuchen. Wir sammeln personenbezogene Daten von Nutzern nur dann, wenn sie uns diese Daten freiwillig zur Verf\u00fcgung stellen. Die Benutzer k\u00f6nnen sich jederzeit weigern, pers\u00f6nliche Identifikationsdaten zu \u00fcbermitteln, es sei denn, dies kann sie daran hindern, an bestimmten Aktivit\u00e4ten auf der Website teilzunehmen.<\/p>\n<p><b>Nicht-personenbezogene Identifikationsdaten<\/b><\/p>\n<p>Wir k\u00f6nnen nicht-personenbezogene Daten zur Identifizierung von Benutzern sammeln, wenn diese mit unserer Website interagieren. Zu den nicht personenbezogenen Daten geh\u00f6ren der Name des Browsers, die Art des Computers und technische Informationen \u00fcber die Art der Verbindung des Nutzers zu unserer Website, wie z. B. das Betriebssystem, der verwendete Internetdienstanbieter und andere \u00e4hnliche Informationen.<\/p>\n<p><b>Webbrowser-Cookies<\/b><\/p>\n<p>Unsere Website kann \"Cookies\" verwenden, um die Benutzererfahrung zu verbessern. Der Webbrowser des Benutzers platziert Cookies auf seiner Festplatte, um Daten zu speichern und manchmal auch, um Informationen \u00fcber den Benutzer zu verfolgen. Der Benutzer kann seinen Webbrowser so einstellen, dass er Cookies ablehnt oder Sie warnt, wenn Cookies gesendet werden. In diesem Fall kann es sein, dass einige Teile der Website nicht richtig funktionieren.<\/p>\n<p><b>Wie wir Ihre Informationen sch\u00fctzen<\/b><\/p>\n<p>Wir wenden angemessene Verfahren zur Datenerfassung, -speicherung und -verarbeitung sowie Sicherheitsma\u00dfnahmen an, um Ihre pers\u00f6nlichen Daten, Ihren Benutzernamen, Ihr Passwort, Ihre Transaktionsdaten und die auf unserer Website gespeicherten Daten vor unbefugtem Zugriff, Ver\u00e4nderung, Offenlegung oder Zerst\u00f6rung zu sch\u00fctzen.<\/p>\n<p><b>Weitergabe Ihrer pers\u00f6nlichen Informationen<\/b><\/p>\n<p>Wir verkaufen, tauschen oder vermieten die pers\u00f6nlichen Daten der Benutzer nicht an Dritte. Wir k\u00f6nnen allgemeine, zusammengefasste demografische Informationen, die nicht mit pers\u00f6nlichen Identifikationsdaten \u00fcber Besucher und Nutzer verkn\u00fcpft sind, mit unseren Gesch\u00e4ftspartnern, vertrauensw\u00fcrdigen Tochtergesellschaften und Werbetreibenden zu den oben genannten Zwecken teilen.<\/p>\n<p><b>\u00c4nderungen an dieser Datenschutzrichtlinie<\/b><\/p>\n<p>Real Estate WordPress Theme hat das Ermessen, diese Datenschutzrichtlinie jederzeit zu aktualisieren. Wenn wir dies tun, werden wir das aktualisierte Datum am unteren Rand dieser Seite aktualisieren. Wir empfehlen unseren Nutzern, diese Seite regelm\u00e4\u00dfig auf \u00c4nderungen zu \u00fcberpr\u00fcfen, um dar\u00fcber informiert zu bleiben, wie wir die von uns erfassten pers\u00f6nlichen Daten sch\u00fctzen. Sie erkennen an und stimmen zu, dass es in Ihrer Verantwortung liegt, diese Datenschutzrichtlinie regelm\u00e4\u00dfig zu \u00fcberpr\u00fcfen und sich \u00fcber \u00c4nderungen zu informieren.<\/p>\n<p><b>Ihre Zustimmung zu diesen Bedingungen<\/b><\/p>\n<p>Durch die Nutzung dieser Website erkl\u00e4ren Sie Ihr Einverst\u00e4ndnis mit dieser Politik. Wenn Sie mit dieser Richtlinie nicht einverstanden sind, nutzen Sie unsere Website bitte nicht. Ihre fortgesetzte Nutzung der Website nach der Ver\u00f6ffentlichung von \u00c4nderungen an dieser Richtlinie gilt als Ihre Zustimmung zu diesen \u00c4nderungen.<\/p>","protected":false},"excerpt":{"rendered":"<p>This Privacy Policy governs the manner in which Real Estate WordPress Theme collects, uses, maintains and discloses information collected from users (each, a \u201cUser\u201d) of the\u00a0http:\/\/wprentals.org\/\u00a0website (\u201cSite\u201d). This privacy policy applies to the Site and all products and services offered by Real Estate WordPress Theme. Personal identification information We may collect personal identification information from &#8230;<\/p>","protected":false},"author":1,"featured_media":0,"parent":0,"menu_order":0,"comment_status":"closed","ping_status":"closed","template":"terms_conditions.php","meta":{"inline_featured_image":false,"footnotes":""},"class_list":["post-356","page","type-page","status-publish","hentry"],"_links":{"self":[{"href":"https:\/\/better-vacation.net\/de\/wp-json\/wp\/v2\/pages\/356","targetHints":{"allow":["GET"]}}],"collection":[{"href":"https:\/\/better-vacation.net\/de\/wp-json\/wp\/v2\/pages"}],"about":[{"href":"https:\/\/better-vacation.net\/de\/wp-json\/wp\/v2\/types\/page"}],"author":[{"embeddable":true,"href":"https:\/\/better-vacation.net\/de\/wp-json\/wp\/v2\/users\/1"}],"replies":[{"embeddable":true,"href":"https:\/\/better-vacation.net\/de\/wp-json\/wp\/v2\/comments?post=356"}],"version-history":[{"count":0,"href":"https:\/\/better-vacation.net\/de\/wp-json\/wp\/v2\/pages\/356\/revisions"}],"wp:attachment":[{"href":"https:\/\/better-vacation.net\/de\/wp-json\/wp\/v2\/media?parent=356"}],"curies":[{"name":"wp","href":"https:\/\/api.w.org\/{rel}","templated":true}]}}